{"id":221,"date":"2017-09-21T00:07:39","date_gmt":"2017-09-20T22:07:39","guid":{"rendered":"http:\/\/www.headrix.de\/ueber-uns\/"},"modified":"2020-07-15T14:47:42","modified_gmt":"2020-07-15T12:47:42","slug":"about-us","status":"publish","type":"page","link":"https:\/\/www.headrix.de\/en\/about-us\/","title":{"rendered":"About us"},"content":{"rendered":"<div class=\"container\">\n<div class=\"row\">\n<div class=\"col-md-12 hidden-xs\" style=\"\">\n<p><span class=\"clearfix spacer \" style=\"height:210px;\"><\/span><\/p>\n<\/div>\n<\/div>\n<\/div>\n<div class=\"container-fluid\">\n<div class=\"row\">\n<div class=\"col-md-12 bg_EFEFEF p-0 text-center\" style=\"\">\n<p><img loading=\"lazy\" class=\"mt-m200 wp-image-59 size-full aligncenter\" src=\"https:\/\/www.headrix.de\/wp-content\/uploads\/04.jpg\" alt=\"\" width=\"1100\" height=\"582\" srcset=\"https:\/\/www.headrix.de\/wp-content\/uploads\/04.jpg 1100w, https:\/\/www.headrix.de\/wp-content\/uploads\/04-900x476.jpg 900w, https:\/\/www.headrix.de\/wp-content\/uploads\/04-768x406.jpg 768w\" sizes=\"(max-width: 1100px) 100vw, 1100px\" \/><\/p>\n<div class=\"maxw max1100 co_ffffff\" style=\"margin-top:-120px\" >\n<p>Under the sky of Berlin we came up with the idea to develop perfect glasses for everyone.<\/p>\n<\/div>\n<p><span class=\"clearfix spacer visible-lg visible-md visible-sm\" style=\"height:100px;\"><\/span><span class=\"clearfix spacer visible-xs\" style=\"height:80px;\"><\/span><\/p>\n<div class=\"maxw max1100 \" style=\"\" >\n<p><span class=\"clearfix spacer border\" style=\"height:0px;\"><\/span><\/p>\n<p><strong>What does HEADRIX offer?<\/strong><\/p>\n<p><span class=\"clearfix spacer \" style=\"height:0px;\"><\/span><\/p>\n<p>HEADRIX offers 26 optical resp. sunglasses models, &#8220;Made in Germany&#8221; for you. Through a variety of customizations in color and size you will find your unique piece, which is perfectly adapted to you and then manufactured only for you. We pay attention to a perfect fit and a wearing comfort as well as to the environment. Because our innovative production leaves no waste. So that your glasses really belong to you, you can perpetuate your name on the inner surface of the temple. This interplay of industry, design and passion creates the unique item just for you! Whether you&#8217;re an office hero, rock star or Chuck Norris, you&#8217;ll find your perfect glasses here!<\/p>\n<p><span class=\"clearfix spacer \" style=\"height:30px;\"><\/span><\/p>\n<\/div>\n<\/div>\n<\/div>\n<\/div>\n<div class=\"container-fluid\">\n<div class=\"row\">\n<div class=\"col-md-12 p-0 text-center\" style=\"\">\n<div class=\"maxw max1000 text-center\" style=\"\" >\n<p><span class=\"clearfix spacer border2\" style=\"height:6px;margin-top:16px\"><\/span><\/p>\n<\/div>\n<p><img loading=\"lazy\" class=\"alignnone size-full wp-image-103\" src=\"https:\/\/www.headrix.de\/wp-content\/uploads\/about2.jpg\" alt=\"\" width=\"1100\" height=\"488\" srcset=\"https:\/\/www.headrix.de\/wp-content\/uploads\/about2.jpg 1100w, https:\/\/www.headrix.de\/wp-content\/uploads\/about2-900x399.jpg 900w, https:\/\/www.headrix.de\/wp-content\/uploads\/about2-768x341.jpg 768w\" sizes=\"(max-width: 1100px) 100vw, 1100px\" \/><\/p>\n<\/div>\n<\/div>\n<\/div>\n<div class=\"container\">\n<div class=\"row\">\n<div class=\"col-md-12 img_ueun\" style=\"\">\n<div class=\"maxw max1000 text-center\" style=\"margin-top:-100px;background-color:rgba(241,241,241,0.9)\" >\n<p><span class=\"clearfix spacer \" style=\"height:30px;\"><\/span><span class=\"clearfix spacer border\" style=\"height:0px;\"><\/span><\/p>\n<p><strong>Who are we? Why are we doing this?<\/strong><\/p>\n<p><span class=\"clearfix spacer \" style=\"height:20px;\"><\/span><\/p>\n<p>We are convinced that everyone deserves the right eyewear. People are at the center of our attention, whether in the development of the perfect fit or in the friendly contact with our customers. We love beautiful things and we love glasses. In addition, we have acquired a lot of knowledge through our long-term industry expertise and numerous conversations with the customers. With all the experience we are able to realize our vision.<\/p>\n<p><span class=\"clearfix spacer \" style=\"height:10px;\"><\/span><\/p>\n<\/div>\n<div class=\"maxw max1200 img_left\" style=\"\" >\n<p><span class=\"clearfix spacer border2\" style=\"height:10px;margin-top:30px\"><\/span><\/p>\n<p><img loading=\"lazy\" class=\"alignnone wp-image-1187 size-full\" src=\"https:\/\/www.headrix.de\/wp-content\/uploads\/team_headrix_1.png\" alt=\"\" width=\"294\" height=\"294\" srcset=\"https:\/\/www.headrix.de\/wp-content\/uploads\/team_headrix_1.png 294w, https:\/\/www.headrix.de\/wp-content\/uploads\/team_headrix_1-150x150.png 150w\" sizes=\"(max-width: 294px) 100vw, 294px\" \/><\/p>\n<p><strong>Stanislav Gempel<\/strong>: Founder of HEADRIX<\/p>\n<p>\u2022 he studied at the Technical University of Berlin and has many years of experience in the eyewear industry<br \/>\n\u2022 his vision: individual glasses customized by deploying the latest 3D printing technology<br \/>\n\u2022 important for him: sustainable production processes and best quality for an attractive price<br \/>\n\u2022 he works with a great team of developers and designers<\/p>\n<p>&nbsp;<\/p>\n<p><span class=\"clearfix spacer \" style=\"height:0px;\"><\/span><\/p>\n<\/div>\n<div class=\"maxw max1200 img_right\" style=\"\" >\n<p><span class=\"clearfix spacer border2\" style=\"height:10px;\"><\/span><\/p>\n<p><img loading=\"lazy\" class=\"alignnone size-full wp-image-1188\" src=\"https:\/\/www.headrix.de\/wp-content\/uploads\/team_headrix_2.png\" alt=\"\" width=\"294\" height=\"294\" srcset=\"https:\/\/www.headrix.de\/wp-content\/uploads\/team_headrix_2.png 294w, https:\/\/www.headrix.de\/wp-content\/uploads\/team_headrix_2-150x150.png 150w\" sizes=\"(max-width: 294px) 100vw, 294px\" \/><\/p>\n<p><strong>Jana:\u00a0<\/strong>Product Manager and Head of Sales at HEADRIX<br \/>\n\u2022 knows exactly what good glasses are made of<br \/>\n\u2022 she is Optician &amp; Business Engineer and has a soft spot for design &#8211; and of course for glasses<br \/>\n\u2022 her desire is to create glasses that are very light and pleasant to wear, combined with a clear design<br \/>\n\u2022 the motto of her creative work: simple, beautiful, smart<\/p>\n<p><span class=\"clearfix spacer \" style=\"height:0px;\"><\/span><\/p>\n<\/div>\n<div class=\"maxw max1200 img_left\" style=\"\" >\n<p><span class=\"clearfix spacer border2\" style=\"height:10px;\"><\/span><\/p>\n<p><img loading=\"lazy\" class=\"alignnone size-full wp-image-1189\" src=\"https:\/\/www.headrix.de\/wp-content\/uploads\/team_headrix_3.png\" alt=\"\" width=\"294\" height=\"294\" srcset=\"https:\/\/www.headrix.de\/wp-content\/uploads\/team_headrix_3.png 294w, https:\/\/www.headrix.de\/wp-content\/uploads\/team_headrix_3-150x150.png 150w\" sizes=\"(max-width: 294px) 100vw, 294px\" \/><\/p>\n<p><strong>Carmelo<\/strong>, Creative Director of Design Hoch Vier<br \/>\n\u2022 supports the team of HEADRIX with his special design<br \/>\n\u2022 the award-winning designer lost his heart to the eyewear industry<br \/>\n\u2022 he worked as an optometrist and after his design studies at the KISD (K\u00f6ln International School of Design) designed for Prada, among others<br \/>\n\u2022\u00a0his inspiration? He loves what he does. The rest will come by itself<\/p>\n<p><span class=\"clearfix spacer \" style=\"height:0px;\"><\/span><\/p>\n<\/div>\n<div class=\"maxw max1200 img_right\" style=\"\" >\n<p><span class=\"clearfix spacer border2\" style=\"height:10px;\"><\/span><\/p>\n<p><img loading=\"lazy\" class=\"alignnone size-full wp-image-1190\" src=\"https:\/\/www.headrix.de\/wp-content\/uploads\/team_headrix_4.png\" alt=\"\" width=\"294\" height=\"294\" srcset=\"https:\/\/www.headrix.de\/wp-content\/uploads\/team_headrix_4.png 294w, https:\/\/www.headrix.de\/wp-content\/uploads\/team_headrix_4-150x150.png 150w\" sizes=\"(max-width: 294px) 100vw, 294px\" \/><\/p>\n<p><strong>Jennifer<\/strong>, Marketing und PR Managerin von HEADRIX, hat sich in den letzten 10 Jahren in der Sportbranche schon mal gut warm gelaufen, um bei den Brillen den richtigen Durchblick zu bekommen. Sie ist totally Instagram addicted und k\u00f6nnte sich den ganzen Tag mit den Design und Fashion Bildern auf den Social Media Plattformen besch\u00e4ftigen. Na wie gut, dass das zu ihren Aufgaben z\u00e4hlt.<\/p>\n<p><span class=\"clearfix spacer \" style=\"height:0px;\"><\/span><\/p>\n<\/div>\n<div class=\"maxw max1200 img_left\" style=\"\" >\n<p><span class=\"clearfix spacer border2\" style=\"height:6px;\"><\/span><\/p>\n<p><img loading=\"lazy\" class=\"alignnone size-full wp-image-1191\" src=\"https:\/\/www.headrix.de\/wp-content\/uploads\/team_headrix_5.png\" alt=\"\" width=\"294\" height=\"294\" srcset=\"https:\/\/www.headrix.de\/wp-content\/uploads\/team_headrix_5.png 294w, https:\/\/www.headrix.de\/wp-content\/uploads\/team_headrix_5-150x150.png 150w\" sizes=\"(max-width: 294px) 100vw, 294px\" \/><\/p>\n<p><strong>Evgenia<\/strong>, Head of media design von HEADRIX, ist f\u00fcr das gesamte Erscheinungsbild des Unternehmens verantwortlich. Sie hat Mediendesign studiert und in den letzten 10 Jahren zahlreiche Projekte geleitet und umgesetzt. Evgenia ist Expertin in Corporate-, 3D-, Motion- und Web-Design und ist passionierte Fotografin, dabei liegt ihr Schwerpunkt auf Customer Experience und -Journey, was sie auch bei HEADRIX perfekt unter Beweis stellt.<\/p>\n<p><span class=\"clearfix spacer \" style=\"height:30px;\"><\/span><\/p>\n<\/div>\n<\/div>\n<\/div>\n<\/div>\n<div class=\"container-fluid\">\n<div class=\"row\">\n<div class=\"col-md-12 bg_EFEFEF p-0 text-center\" style=\"\">\n<p><span class=\"clearfix spacer \" style=\"height:40px;\"><\/span><\/p>\n<h2>HEADRIX &#8211; <em>eyewear made for you<\/em><\/h2>\n<p><span class=\"clearfix spacer \" style=\"height:20px;\"><\/span><\/p>\n<\/div>\n<\/div>\n<\/div>\n","protected":false},"excerpt":{"rendered":"","protected":false},"author":1,"featured_media":0,"parent":0,"menu_order":3,"comment_status":"closed","ping_status":"closed","template":"","meta":{"inline_featured_image":false,"_exactmetrics_skip_tracking":false,"_exactmetrics_sitenote_active":false,"_exactmetrics_sitenote_note":"","_exactmetrics_sitenote_category":0},"acf":[],"_links":{"self":[{"href":"https:\/\/www.headrix.de\/en\/wp-json\/wp\/v2\/pages\/221"}],"collection":[{"href":"https:\/\/www.headrix.de\/en\/wp-json\/wp\/v2\/pages"}],"about":[{"href":"https:\/\/www.headrix.de\/en\/wp-json\/wp\/v2\/types\/page"}],"author":[{"embeddable":true,"href":"https:\/\/www.headrix.de\/en\/wp-json\/wp\/v2\/users\/1"}],"replies":[{"embeddable":true,"href":"https:\/\/www.headrix.de\/en\/wp-json\/wp\/v2\/comments?post=221"}],"version-history":[{"count":43,"href":"https:\/\/www.headrix.de\/en\/wp-json\/wp\/v2\/pages\/221\/revisions"}],"predecessor-version":[{"id":6816,"href":"https:\/\/www.headrix.de\/en\/wp-json\/wp\/v2\/pages\/221\/revisions\/6816"}],"wp:attachment":[{"href":"https:\/\/www.headrix.de\/en\/wp-json\/wp\/v2\/media?parent=221"}],"curies":[{"name":"wp","href":"https:\/\/api.w.org\/{rel}","templated":true}]}}